{"id":7,"date":"2022-11-04T07:42:45","date_gmt":"2022-11-04T06:42:45","guid":{"rendered":"http:\/\/witotech.pl\/?page_id=7"},"modified":"2024-02-01T15:28:59","modified_gmt":"2024-02-01T14:28:59","slug":"o-nas","status":"publish","type":"page","link":"https:\/\/witotech.pl\/","title":{"rendered":"O Nas"},"content":{"rendered":"\n<center><a href=\"https:\/\/fixly.pl\/profil\/layrhuy5\" target=\"_blank\" rel=\"noopener\"> <img alt=Polecaj\u0105 mnie na Fixly src=https:\/\/fixly.pl\/profil\/layrhuy5\/widget-a01-2x.png style=border:0px none;> <\/a><\/center>\n\n\n\n<br>\n<br>\n<hr>\n<figure class=\"wp-block-image aligncenter size-large is-resized\"><img loading=\"lazy\" decoding=\"async\" width=\"1024\" height=\"1024\" src=\"http:\/\/witotech.pl\/wp-content\/uploads\/2022\/11\/logowitek-1-1024x1024.png\" alt=\"\" class=\"wp-image-29\" style=\"width:187px;height:auto\"\/><\/figure>\n\n\n<hr \/>\n<p style=\"text-align: center;\">Dzie\u0144 dobry! <br \/>Nasz\u0105 profesj\u0105 jest monta\u017c klimatyzacji oraz fotowoltaiki na terenie Tr\u00f3jmiasta oraz okolic.<br \/>Kompleksowa us\u0142uga z indywidualn\u0105 wycen\u0105 u klienta. Dob\u00f3r urz\u0105dze\u0144 wielu wiod\u0105cych<br \/>producent\u00f3w dla indywidualnych potrzeb.<br \/>Optymalny stosunek ceny do jako\u015bci, wysoka fachowo\u015b\u0107 i estetyka wykonania ka\u017cdej<br \/>instalacji.<br \/>Szybkie terminy realizacji.<br \/>Firma posiada wszelkie uprawnienia oraz certyfikaty co skutkuje profesjonalnie wykonan\u0105<br \/>us\u0142ug\u0105, gwarancj\u0105 jako\u015bci i zadowoleniem klienta.<br \/>Zainteresowane osoby prosz\u0119 o kontakt telefoniczny lub poprzez formularz kontaktowy<br \/>Um\u00f3wimy si\u0119 na wycen\u0119 w miejscu monta\u017cu us\u0142ugi:<br \/>Dobierzemy odpowiedni\u0105\u00a0 moc urz\u0105dzenia do wielko\u015bci pomieszczenia,<br \/>zaproponujemy r\u00f3\u017cne modele oraz przedstawimy mo\u017cliwe rozwi\u0105zania techniczne.<br \/>Przygotujemy dok\u0142adn\u0105 wycen\u0119 monta\u017cu, ustalimy dogodny termin<br \/>Przed monta\u017cem przygotujemy umow\u0119 w kt\u00f3rej zawarte b\u0119d\u0105 wszystkie ustalenia i<br \/>szczeg\u00f3\u0142y.<br \/>W ustalonym terminie rozpocznie si\u0119 monta\u017c, kt\u00f3ry trwa w przypadku dom\u00f3w lub mieszka\u0144<br \/>oko\u0142o 1 dzie\u0144.<br \/>Po sko\u0144czonej pracy urz\u0105dzenie zostanie sprawdzony i przetestowane.<br \/>Do ka\u017cdego urz\u0105dzenia do\u0142\u0105czona b\u0119dzie wype\u0142niona karta gwarancyjna.<br \/>Na ko\u0144cu om\u00f3wimy wszystkie funkcje urz\u0105dzenia oraz instrukcj\u0119 obs\u0142ugi<\/p>\n<hr \/>\n\n\n<div class=\"wp-block-columns is-layout-flex wp-container-core-columns-is-layout-9d6595d7 wp-block-columns-is-layout-flex\">\n<div class=\"wp-block-column is-layout-flow wp-block-column-is-layout-flow\">\n<figure class=\"wp-block-image size-full is-resized\"><img loading=\"lazy\" decoding=\"async\" width=\"317\" height=\"159\" src=\"http:\/\/witotech.pl\/wp-content\/uploads\/2024\/02\/energy1.jpeg\" alt=\"\" class=\"wp-image-213\" style=\"width:309px;height:139px;\" srcset=\"https:\/\/witotech.pl\/wp-content\/uploads\/2024\/02\/energy1.jpeg 317w, https:\/\/witotech.pl\/wp-content\/uploads\/2024\/02\/energy1-300x150.jpeg 300w\" sizes=\"auto, (max-width: 317px) 100vw, 317px\" \/><\/figure>\n<\/div>\n\n\n\n<div class=\"wp-block-column is-layout-flow wp-block-column-is-layout-flow\">\n<figure class=\"wp-block-image aligncenter size-large is-resized\"><img loading=\"lazy\" decoding=\"async\" width=\"1024\" height=\"584\" class=\"wp-image-203\" style=\"width: 309px; height: 139px;\" src=\"http:\/\/witotech.pl\/wp-content\/uploads\/2024\/02\/klima-1024x584.jpg\" alt=\"\" srcset=\"https:\/\/witotech.pl\/wp-content\/uploads\/2024\/02\/klima-1024x584.jpg 1024w, https:\/\/witotech.pl\/wp-content\/uploads\/2024\/02\/klima-300x171.jpg 300w, https:\/\/witotech.pl\/wp-content\/uploads\/2024\/02\/klima-768x438.jpg 768w, https:\/\/witotech.pl\/wp-content\/uploads\/2024\/02\/klima.jpg 1200w\" sizes=\"auto, (max-width: 1024px) 100vw, 1024px\" \/><\/figure>\n<\/div>\n\n\n\n<div class=\"wp-block-column is-layout-flow wp-block-column-is-layout-flow\">\n<figure class=\"wp-block-image aligncenter size-large is-resized\"><img loading=\"lazy\" decoding=\"async\" width=\"1024\" height=\"512\" class=\"wp-image-205\" style=\"width: 309px; height: 139px;\" src=\"http:\/\/witotech.pl\/wp-content\/uploads\/2024\/02\/fotowoltaika-1024x512.webp\" alt=\"\" srcset=\"https:\/\/witotech.pl\/wp-content\/uploads\/2024\/02\/fotowoltaika-1024x512.webp 1024w, https:\/\/witotech.pl\/wp-content\/uploads\/2024\/02\/fotowoltaika-300x150.webp 300w, https:\/\/witotech.pl\/wp-content\/uploads\/2024\/02\/fotowoltaika-768x384.webp 768w, https:\/\/witotech.pl\/wp-content\/uploads\/2024\/02\/fotowoltaika-1536x768.webp 1536w, https:\/\/witotech.pl\/wp-content\/uploads\/2024\/02\/fotowoltaika.webp 1800w\" sizes=\"auto, (max-width: 1024px) 100vw, 1024px\" \/><\/figure>\n<\/div>\n<\/div>\n\n\n\n<hr>\n\n\n\n<p class=\"has-text-align-center\"> Mo\u017cesz cieszy\u0107 si\u0119 komfortem i wygod\u0105 \ud83d\ude09<\/p>\n\n\n\n<p>Koszt monta\u017cu klimatyzacji uzale\u017cniony jest od wielu czynnik\u00f3w, takich jak:<\/p>\n\n\n\n<ul class=\"wp-block-list\">\n<li>Producent i model montowanej jednostki<\/li>\n\n\n\n<li>Wysoko\u015b\u0107 monta\u017cu jednostki nad ziemi\u0105 i ewentualna konieczno\u015b\u0107 u\u017cycia<br>dodatkowych podno\u015bnik\u00f3w itp.<\/li>\n\n\n\n<li>Odleg\u0142o\u015b\u0107 jednostki wewn\u0119trznej i zewn\u0119trznej wzgl\u0119dem siebie.<\/li>\n\n\n\n<li>Oraz inne techniczne aspekty w miejscu monta\u017cu kt\u00f3re mog\u0105 znacz\u0105co<br>skomplikowa\u0107 zadanie.<br>Dlatego po \u00f3wczesnym kontakcie telefonicznym lub mailowym monter przyje\u017cd\u017ca na miejsce w celu om\u00f3wienia przebiegu instalacji oraz koszt\u00f3w.<\/li>\n<hr>\n<\/ul>\n","protected":false},"excerpt":{"rendered":"<p>Dzie\u0144 dobry! Nasz\u0105 profesj\u0105 jest monta\u017c klimatyzacji oraz fotowoltaiki na terenie Tr\u00f3jmiasta oraz okolic.Kompleksowa us\u0142uga z indywidualn\u0105 wycen\u0105 u klienta. Dob\u00f3r urz\u0105dze\u0144 wielu wiod\u0105cychproducent\u00f3w dla indywidualnych potrzeb.Optymalny stosunek ceny do jako\u015bci, wysoka fachowo\u015b\u0107 i estetyka wykonania ka\u017cdejinstalacji.Szybkie terminy realizacji.Firma posiada wszelkie uprawnienia oraz certyfikaty co skutkuje profesjonalnie wykonan\u0105us\u0142ug\u0105, gwarancj\u0105 jako\u015bci i zadowoleniem klienta.Zainteresowane osoby prosz\u0119&hellip;<\/p>\n","protected":false},"author":1,"featured_media":0,"parent":0,"menu_order":1,"comment_status":"closed","ping_status":"closed","template":"","meta":{"footnotes":""},"class_list":["post-7","page","type-page","status-publish","hentry"],"_links":{"self":[{"href":"https:\/\/witotech.pl\/index.php\/wp-json\/wp\/v2\/pages\/7","targetHints":{"allow":["GET"]}}],"collection":[{"href":"https:\/\/witotech.pl\/index.php\/wp-json\/wp\/v2\/pages"}],"about":[{"href":"https:\/\/witotech.pl\/index.php\/wp-json\/wp\/v2\/types\/page"}],"author":[{"embeddable":true,"href":"https:\/\/witotech.pl\/index.php\/wp-json\/wp\/v2\/users\/1"}],"replies":[{"embeddable":true,"href":"https:\/\/witotech.pl\/index.php\/wp-json\/wp\/v2\/comments?post=7"}],"version-history":[{"count":55,"href":"https:\/\/witotech.pl\/index.php\/wp-json\/wp\/v2\/pages\/7\/revisions"}],"predecessor-version":[{"id":239,"href":"https:\/\/witotech.pl\/index.php\/wp-json\/wp\/v2\/pages\/7\/revisions\/239"}],"wp:attachment":[{"href":"https:\/\/witotech.pl\/index.php\/wp-json\/wp\/v2\/media?parent=7"}],"curies":[{"name":"wp","href":"https:\/\/api.w.org\/{rel}","templated":true}]}}